{"id":10821,"date":"2020-03-26T21:18:34","date_gmt":"2020-03-26T20:18:34","guid":{"rendered":"https:\/\/e-xplora.it.hd2.it\/?page_id=10821"},"modified":"2024-03-07T01:51:12","modified_gmt":"2024-03-07T00:51:12","slug":"partner-companies","status":"publish","type":"page","link":"https:\/\/e-xplora.it\/en\/partner-companies\/","title":{"rendered":"Excellencies by our side"},"content":{"rendered":"<p>[vc_row content_width=&#8221;grid&#8221; css=&#8221;.vc_custom_1597674609663{padding-top: 130px !important;padding-bottom: 91px !important;}&#8221; el_class=&#8221;disttoprest&#8221;][vc_column width=&#8221;1\/3&#8243;][vc_single_image image=&#8221;11928&#8243; img_size=&#8221;full&#8221; alignment=&#8221;center&#8221; el_class=&#8221;loghipartner&#8221; css=&#8221;.vc_custom_1709771897913{padding-top: 40px !important;padding-bottom: 40px !important;}&#8221;][vc_empty_space height=&#8221;39px&#8221;]\n<div class=\"edgtf-section-title edgtf-section-align-left\" style=\"font-size: 28px\">\n\tMerida E-Bikes\t<\/div><div class=\"edgtf-separator-holder clearfix  edgtf-separator-left\">\n\t<div class=\"edgtf-separator\" style=\"border-color: #f40809;width: 262px;border-bottom-width: 3px;margin-top: 15px;margin-bottom: 27px\"><\/div>\n<\/div>\n[vc_column_text]Extreme reliability and good design are the essential requirements we look for in our e-bikes, which is why we are particularly proud to be able to collaborate with the MERIDA brand\u00a0(<a href=\"https:\/\/www.merida-bikes.com\/en\" target=\"_blank\" rel=\"noopener noreferrer\"><span style=\"font-weight: 400;\">merida-bikes.com<\/span><\/a><span style=\"font-weight: 400;\">), which has been involved in the production of traditional bicycles and e-bikes for over 50 years.<br \/>\nIts mission is simple and very effective: to allow everyone to reach their destination in the most pleasant way.<\/span><\/p>\n<p>They don&#8217;t just produce bicycles, they stimulate people to share riding experiences together. We have found the company that best reflects our values \u200b\u200band our way of experiencing cycling and we are happy to be able to share it every day.[\/vc_column_text][vc_empty_space height=&#8221;0px&#8221; el_class=&#8221;diston&#8221;][\/vc_column][vc_column width=&#8221;1\/3&#8243;][vc_single_image image=&#8221;10651&#8243; img_size=&#8221;full&#8221; alignment=&#8221;center&#8221; el_class=&#8221;loghipartner&#8221; css=&#8221;.vc_custom_1586258691217{padding-top: 40px !important;padding-bottom: 40px !important;}&#8221;][vc_empty_space height=&#8221;39px&#8221;]\n<div class=\"edgtf-section-title edgtf-section-align-left\" style=\"font-size: 28px\">\n\tDainese\t<\/div><div class=\"edgtf-separator-holder clearfix  edgtf-separator-left\">\n\t<div class=\"edgtf-separator\" style=\"border-color: #f40809;width: 120px;border-bottom-width: 3px;margin-top: 15px;margin-bottom: 27px\"><\/div>\n<\/div>\n[vc_column_text]<span style=\"font-weight: 400;\">Safety in the e-mtb environment is fundamental, which is why we have chosen to work with Dainese. Its goal has always been to improve and promote safety in dynamic sports by offering innovative and ergonomic solutions.<br \/>\n<\/span><\/p>\n<p><span style=\"font-weight: 400;\">Dainese&#8217;s commitment and dedication to performance and safety has always been so strong that it has inevitably expanded beyond the motorcycling sphere to which it was originally dedicated, embracing cycling, skiing, horse riding and, finally, sailing.<br \/>\n<\/span><\/p>\n<p><span style=\"font-weight: 400;\">Today it is one of the best known Italian brands in the world for innovation and style.<\/span>[\/vc_column_text][vc_empty_space height=&#8221;0px&#8221; el_class=&#8221;diston&#8221;][\/vc_column][vc_column width=&#8221;1\/3&#8243;][vc_single_image image=&#8221;10657&#8243; img_size=&#8221;full&#8221; alignment=&#8221;center&#8221; el_class=&#8221;loghipartner&#8221; css=&#8221;.vc_custom_1586258697934{padding-top: 40px !important;padding-bottom: 40px !important;}&#8221;][vc_empty_space height=&#8221;39px&#8221;]\n<div class=\"edgtf-section-title edgtf-section-align-left\" style=\"font-size: 28px\">\n\tAlce Nero\t<\/div><div class=\"edgtf-separator-holder clearfix  edgtf-separator-left\">\n\t<div class=\"edgtf-separator\" style=\"border-color: #f40809;width: 140px;border-bottom-width: 3px;margin-top: 15px;margin-bottom: 27px\"><\/div>\n<\/div>\n[vc_column_text]<span style=\"font-weight: 400;\">Quality of life, care for the environment, development of the territory: these are the values that Alce Nero and E-xplora identify with and which have made their cooperation so natural.<\/span><\/p>\n<p><span style=\"font-weight: 400;\">Alce Nero has built its strong identity over a good forty years, imagining and pursuing a different way of cultivating the land and producing food: organic farming.<br \/>\n<\/span><span style=\"font-weight: 400;\">Likewise, we believe in the profound sense of well-being that comes with sharing healthy food and cycling with a desire for discovery.<\/span><\/p>\n<p><span style=\"font-weight: 400;\">The perfect combination of territory, physical activity and a healthy lifestyle.<\/span>[\/vc_column_text][\/vc_column][\/vc_row][vc_row content_width=&#8221;grid&#8221;][vc_column]\n<div class=\"edgtf-section-title edgtf-section-align-left\" style=\"font-size: 40px\">\n\tPromoting<span class=\"edgtf-section-highlighted\" style=\"color: #f40809\">Entities<\/span>\t<\/div>[vc_empty_space height=&#8221;20px&#8221;][vc_column_text]<strong>CONTRIBUTION TO THE BOLOGNESE APENNINES<\/strong><\/p>\n<p><strong>PSR 2014\/2020 R. E.R.<\/strong><\/p>\n<p><strong>RURAL DEVELOPMENT PROGRAM (RDP 2014-2020)<\/strong><\/p>\n<p><em>Reg. (EU) of the European Parliament and of the Council no. 1305\/2013<\/em><\/p>\n<p><em>Measure 19 &#8211; Support for LEADER Local Development<\/em><\/p>\n<p><em>Action 11C &#8220;Start-up aid and investments in non-agricultural start-ups in rural areas&#8221;<\/em><\/p>\n<p>The amount of the grant granted, equal to Euro 24,000, was used for the purchase of a van necessary for the rental of electric bicycles, for the purchase of other equipment necessary for carrying out the activity, as well as for the communication and promotion activities.<\/p>\n<p><a href=\"https:\/\/ec.europa.eu\/regional_policy\/it\/policy\/what\/glossary\/e\/european-agricultural-fund-for-rural-development\" target=\"_blank\" rel=\"noopener\">https:\/\/ec.europa.eu\/regional_policy\/it\/policy\/what\/glossary\/e\/european-agricultural-fund-for-rural-development<\/a>[\/vc_column_text][vc_empty_space height=&#8221;45px&#8221;][\/vc_column][\/vc_row][vc_row content_width=&#8221;grid&#8221;][vc_column offset=&#8221;vc_hidden-sm vc_hidden-xs&#8221;][vc_single_image image=&#8221;11217&#8243; img_size=&#8221;full&#8221;][vc_empty_space height=&#8221;45px&#8221;][vc_single_image image=&#8221;11219&#8243; img_size=&#8221;full&#8221;][vc_empty_space height=&#8221;91px&#8221;][\/vc_column][\/vc_row][vc_row content_width=&#8221;grid&#8221;][vc_column offset=&#8221;vc_hidden-lg vc_hidden-md&#8221;][vc_single_image image=&#8221;11222&#8243; img_size=&#8221;full&#8221;][vc_empty_space height=&#8221;91px&#8221;][\/vc_column][\/vc_row][vc_row disable_element=&#8221;yes&#8221; content_width=&#8221;grid&#8221; css=&#8221;.vc_custom_1586269667766{padding-top: 130px !important;padding-bottom: 90px !important;}&#8221;][vc_column width=&#8221;1\/2&#8243; css=&#8221;.vc_custom_1585268231167{padding-right: 80px !important;}&#8221;][vc_single_image image=&#8221;8623&#8243; img_size=&#8221;full&#8221; alignment=&#8221;center&#8221; css_animation=&#8221;none&#8221; el_class=&#8221;loghipartner&#8221; css=&#8221;.vc_custom_1586186057437{padding-top: 50px !important;padding-bottom: 50px !important;}&#8221;][vc_column_text css=&#8221;.vc_custom_1586185884626{margin-top: 10px !important;}&#8221;]<\/p>\n<p style=\"text-align: center;\">Prodotti affidabili made in Italy<\/p>\n<p>[\/vc_column_text][\/vc_column][vc_column width=&#8221;1\/2&#8243;]\n<div class=\"edgtf-section-title edgtf-section-align-left\" style=\"font-size: 40px\">\n\tThok E-Bikes - Ducati\t<\/div><div class=\"edgtf-separator-holder clearfix  edgtf-separator-left\">\n\t<div class=\"edgtf-separator\" style=\"border-color: #f40809;width: 377px;border-bottom-width: 3px;margin-top: 15px;margin-bottom: 23px\"><\/div>\n<\/div>\n[vc_column_text]Collaboriamo con orgoglio con il brand italiano Thok e-bike (<a href=\"https:\/\/www.thokbikes.com\/home\" target=\"_blank\" rel=\"noopener noreferrer\">thokbike.com<\/a>), che propone un parco e-mtb hard tail &amp; full suspended per offrire alla propria clientela un prodotto estremamente affidabile e made in italy.<\/p>\n<p>Il marchio Thok non ha bisogno di presentazioni, nata da un&#8217;idea di Stefano Migliorini e Livio Suppo, dal 2019 produce e vende le nuove e-bike &#8220;Ducati Powered by Thok&#8221; su licenza di Ducati Motor Holding.<\/p>\n<p>Oggi Thok e Ducati sono considerati tra i principali marchi di riferimento nel settore e-bike a livello mondiale.[\/vc_column_text][\/vc_column][vc_column]<div class=\"edgtf-separator-holder clearfix  edgtf-separator-left\">\n\t<div class=\"edgtf-separator\" style=\"border-color: #dbdbdb;width: 100%;border-bottom-width: 1px;margin-top: 93px;margin-bottom: 100px\"><\/div>\n<\/div>\n[\/vc_column][vc_column width=&#8221;1\/2&#8243; css=&#8221;.vc_custom_1585268938245{padding-right: 80px !important;}&#8221;][vc_single_image image=&#8221;10651&#8243; img_size=&#8221;full&#8221; alignment=&#8221;center&#8221; el_class=&#8221;loghipartner&#8221; css=&#8221;.vc_custom_1585312440714{padding-top: 50px !important;padding-bottom: 50px !important;}&#8221;][vc_column_text css=&#8221;.vc_custom_1586186361986{margin-top: 10px !important;}&#8221;]<\/p>\n<p style=\"text-align: center;\">Soluzioni innovative per la sicurezza<\/p>\n<p>[\/vc_column_text][\/vc_column][vc_column width=&#8221;1\/2&#8243;]\n<div class=\"edgtf-section-title edgtf-section-align-left\" style=\"font-size: 40px\">\n\tDainese\t<\/div><div class=\"edgtf-separator-holder clearfix  edgtf-separator-left\">\n\t<div class=\"edgtf-separator\" style=\"border-color: #f40809;width: 173px;border-bottom-width: 3px;margin-top: 15px;margin-bottom: 23px\"><\/div>\n<\/div>\n[vc_column_text]La sicurezza nell&#8217;ambito e-mtb \u00e8 fondamentale, per questo abbiamo scelto di lavorare con Dainese. Il suo obiettivo \u00e8 sempre stato quello di migliorare e promuovere la sicurezza negli sport dinamici, proponendo soluzioni innovative ed ergonomiche.<\/p>\n<p>L&#8217;impegno e la dedizione di Dainese in materia di prestazioni e sicurezza sono sempre stati cos\u00ec forti da espandersi inevitabilmente anche al di fuori del motociclismo, fino ad abbracciare il mondo delle biciclette, dello sci, dell&#8217;equitazione e, in ultimo, della vela.<\/p>\n<p>Oggi \u00e8 il brand italiano pi\u00f9 conosciuto nel mondo per innovazione e stile.[\/vc_column_text][\/vc_column][vc_column]<div class=\"edgtf-separator-holder clearfix  edgtf-separator-left\">\n\t<div class=\"edgtf-separator\" style=\"border-color: #dbdbdb;width: 100%;border-bottom-width: 1px;margin-top: 93px;margin-bottom: 100px\"><\/div>\n<\/div>\n[\/vc_column][vc_column width=&#8221;1\/2&#8243; css=&#8221;.vc_custom_1585310857828{padding-right: 80px !important;}&#8221;][vc_single_image image=&#8221;10657&#8243; img_size=&#8221;full&#8221; alignment=&#8221;center&#8221; el_class=&#8221;loghipartner&#8221; css=&#8221;.vc_custom_1586186663231{padding-top: 50px !important;padding-bottom: 50px !important;}&#8221;][vc_column_text css=&#8221;.vc_custom_1585268516233{margin-top: 10px !important;}&#8221;]<\/p>\n<p style=\"text-align: center;\">Idee innovative nel campo degli LCD<\/p>\n<p>[\/vc_column_text][\/vc_column][vc_column width=&#8221;1\/2&#8243;]\n<div class=\"edgtf-section-title edgtf-section-align-left\" style=\"font-size: 40px\">\n\tAlce Nero\t<\/div><div class=\"edgtf-separator-holder clearfix  edgtf-separator-left\">\n\t<div class=\"edgtf-separator\" style=\"border-color: #f40809;width: 202px;border-bottom-width: 3px;margin-top: 15px;margin-bottom: 23px\"><\/div>\n<\/div>\n[vc_column_text]Ad accomunare Explora ad Alce Nero \u00e8 innanzitutto l&#8217;attenzione alla qualit\u00e0 della vita, la valorizzazione della relazione tra le persone, la cura dell&#8217;ambiente e del territorio.<\/p>\n<p>Da questo nasce la nostra partnership che ha nelle uscite in e-bike alla scoperta del territorio il suo momento pi\u00f9 importante. Il 2019 \u00e8 per noi \u00e8 l&#8217;anno di nascita il 2019 rappresenta invece per Alce Nero il quarantunesimo anno di attivit\u00e0. Era il 1978 quando giovani pionieri hanno immaginato un modo diverso di coltivare la terra e produrre il cibo: l&#8217;agricoltura biologica.<\/p>\n<p>Un passato con una forte identit\u00e0 e valori costruiti lungo quattro decenni di storia. Oggi sono pi\u00f9 di mille gli agricoltori e i trasformatori biologici in Italia che si riconoscono nel nostro marchio, quattordicimila i piccoli agricoltori nel mondo, riuniti in cooperative che ne tutelano il lavoro.<\/p>\n<p>Un connubio perfetto tra territorio attivit\u00e0 fisica e sano stile di vita.[\/vc_column_text][\/vc_column][vc_column]<div class=\"edgtf-separator-holder clearfix  edgtf-separator-left\">\n\t<div class=\"edgtf-separator\" style=\"border-color: #dbdbdb;width: 100%;border-bottom-width: 1px;margin-top: 93px;margin-bottom: 8px\"><\/div>\n<\/div>\n[\/vc_column][\/vc_row][vc_row content_width=&#8221;grid&#8221;][vc_column]\n<div class=\"edgtf-section-title edgtf-section-align-left\" style=\"font-size: 40px\">\n\tAdditional<span class=\"edgtf-section-highlighted\" style=\"color: #f40809\">Partners<\/span>\t<\/div>[vc_empty_space height=&#8221;38px&#8221;][\/vc_column][vc_column width=&#8221;1\/4&#8243;][vc_single_image image=&#8221;10719&#8243; img_size=&#8221;full&#8221; alignment=&#8221;center&#8221;][\/vc_column][vc_column width=&#8221;1\/4&#8243;][vc_single_image image=&#8221;10718&#8243; img_size=&#8221;full&#8221; alignment=&#8221;center&#8221;][\/vc_column][vc_column width=&#8221;1\/4&#8243;][vc_single_image image=&#8221;11213&#8243; img_size=&#8221;full&#8221; alignment=&#8221;center&#8221;][\/vc_column][vc_column width=&#8221;1\/4&#8243;][vc_single_image image=&#8221;10688&#8243; img_size=&#8221;full&#8221; alignment=&#8221;center&#8221;][\/vc_column][\/vc_row][vc_row content_width=&#8221;grid&#8221;][vc_column width=&#8221;1\/4&#8243;][vc_single_image image=&#8221;11730&#8243; img_size=&#8221;full&#8221; alignment=&#8221;center&#8221;][\/vc_column][vc_column width=&#8221;1\/4&#8243;][vc_single_image image=&#8221;11733&#8243; img_size=&#8221;full&#8221; alignment=&#8221;center&#8221;][\/vc_column][vc_column width=&#8221;1\/4&#8243;][vc_single_image image=&#8221;11739&#8243; img_size=&#8221;full&#8221; alignment=&#8221;center&#8221;][\/vc_column][vc_column width=&#8221;1\/4&#8243;][vc_single_image image=&#8221;11742&#8243; img_size=&#8221;full&#8221; alignment=&#8221;center&#8221;][\/vc_column][\/vc_row][vc_row css=&#8221;.vc_custom_1586640544763{padding-top: 72px !important;}&#8221;][vc_column]\t<div class=\"edgtf-call-to-action edgtf-cta-standard\" style=\"background-color: #f40809;\">\n\t\t\t\t<div class=\"edgtf-container-inner\">\n\t\t\t\t\t<div class=\"edgtf-call-to-action-row-75-25 clearfix\" style=\"padding: 70px 0 70px 0;\">\n\t\t\t\t<div class=\"edgtf-text-wrapper edgtf-call-to-action-column1 edgtf-call-to-action-cell\">\n\t\t\t\t\t<div class=\"edgtf-call-to-action-text\" >IN OUR CATALOGUE YOU CAN FIND DETAILS OF THE E-BIKES IN THE E-XPLORA FLEET<\/div>\n\t\t\t\t<\/div>\n\t\t\t\t<div class=\"edgtf-button-wrapper edgtf-call-to-action-column2 edgtf-call-to-action-cell\" style =\"text-align: right ;\">\n\t\t\t\t\t<a href=\"\/en\/product-category\/e-bike-en\/\" target=\"_self\"  class=\"edgtf-btn edgtf-btn-large edgtf-btn-solid-white edgtf-btn-custom-hover-bg edgtf-btn-custom-hover-color\" data-hover-bg-color=\"#010101\" data-hover-color=\"#ffffff\"  aria-label=\"\/en\/product-category\/e-bike-en\/\">\t\t\t<span class=\"edgtf-btn-text\">FIND OUT MORE<\/span>\t    <\/a>\t\t\t\t<\/div>\n\t\t\t<\/div>\n\t\t\t\t<\/div>\n\t\t\t<\/div>\n[\/vc_column][\/vc_row]<\/p>\n","protected":false},"excerpt":{"rendered":"<p>[vc_row content_width=&#8221;grid&#8221; css=&#8221;.vc_custom_1597674609663{padding-top: 130px !important;padding-bottom: 91px !important;}&#8221; el_class=&#8221;disttoprest&#8221;][vc_column width=&#8221;1\/3&#8243;][vc_single_image image=&#8221;11928&#8243; img_size=&#8221;full&#8221; alignment=&#8221;center&#8221; el_class=&#8221;loghipartner&#8221; css=&#8221;.vc_custom_1709771897913{padding-top: 40px !important;padding-bottom: 40px !important;}&#8221;][vc_empty_space height=&#8221;39px&#8221;][vc_column_text]Extreme reliability and good design are the essential requirements we look for in our e-bikes, which is why we are particularly proud to be able to collaborate&#8230;<\/p>\n","protected":false},"author":1,"featured_media":0,"parent":0,"menu_order":0,"comment_status":"closed","ping_status":"closed","template":"full-width.php","meta":{"footnotes":""},"class_list":["post-10821","page","type-page","status-publish","hentry"],"_links":{"self":[{"href":"https:\/\/e-xplora.it\/en\/wp-json\/wp\/v2\/pages\/10821","targetHints":{"allow":["GET"]}}],"collection":[{"href":"https:\/\/e-xplora.it\/en\/wp-json\/wp\/v2\/pages"}],"about":[{"href":"https:\/\/e-xplora.it\/en\/wp-json\/wp\/v2\/types\/page"}],"author":[{"embeddable":true,"href":"https:\/\/e-xplora.it\/en\/wp-json\/wp\/v2\/users\/1"}],"replies":[{"embeddable":true,"href":"https:\/\/e-xplora.it\/en\/wp-json\/wp\/v2\/comments?post=10821"}],"version-history":[{"count":0,"href":"https:\/\/e-xplora.it\/en\/wp-json\/wp\/v2\/pages\/10821\/revisions"}],"wp:attachment":[{"href":"https:\/\/e-xplora.it\/en\/wp-json\/wp\/v2\/media?parent=10821"}],"curies":[{"name":"wp","href":"https:\/\/api.w.org\/{rel}","templated":true}]}}